{"id":21,"date":"2022-01-27T16:58:58","date_gmt":"2022-01-27T16:58:58","guid":{"rendered":"https:\/\/www.quiropracticaalvarez.es\/?page_id=21"},"modified":"2022-02-08T13:10:10","modified_gmt":"2022-02-08T13:10:10","slug":"la-quiropractica","status":"publish","type":"page","link":"https:\/\/www.quiropracticaalvarez.es\/index.php\/la-quiropractica\/","title":{"rendered":"La Quiropr\u00e1ctica"},"content":{"rendered":"\n<h2 class=\"has-text-align-center wp-block-heading\" id=\"alvarez-learra\">\u00c1lvarez&amp;Learra<\/h2>\n\n\n\n<div class=\"wp-block-group alignfull has-text-color has-background is-layout-flow wp-block-group-is-layout-flow\" style=\"background-color:#ffffff;color:#000000\"><div class=\"wp-block-group__inner-container\">\n<p class=\"has-text-align-center has-small-font-size\" style=\"line-height:.9\"><strong>Disculpen las molestias<\/strong><\/p>\n\n\n\n<h2 class=\"has-text-align-center wp-block-heading\" id=\"pagina-en-construccion\" style=\"font-size:59px;line-height:1.15\"><strong>P\u00e1gina en construcci\u00f3n<\/strong><\/h2>\n\n\n\n<div class=\"wp-block-buttons is-horizontal is-content-justification-center is-layout-flex wp-container-core-buttons-is-layout-499968f5 wp-block-buttons-is-layout-flex\">\n<div class=\"wp-block-button has-custom-width wp-block-button__width-50\"><a class=\"wp-block-button__link has-text-color has-background\" style=\"border-radius:50px;background-color:#000000;color:#ffffff\">Contacta con Nosotros<\/a><\/div>\n<\/div>\n\n\n\n<figure class=\"wp-block-pullquote\"><blockquote><p>Vigo: 986 433 951<\/p><\/blockquote><\/figure>\n\n\n\n<figure class=\"wp-block-pullquote\"><blockquote><p>Ourense: 988218196<\/p><\/blockquote><\/figure>\n<\/div><\/div>\n","protected":false},"excerpt":{"rendered":"<p>\u00c1lvarez&amp;Learra Disculpen las molestias P\u00e1gina en construcci\u00f3n Vigo: 986 433 951 Ourense: 988218196<\/p>\n","protected":false},"author":1,"featured_media":0,"parent":0,"menu_order":0,"comment_status":"closed","ping_status":"closed","template":"","meta":{"site-sidebar-layout":"default","site-content-layout":"default","ast-main-header-display":"","ast-hfb-above-header-display":"","ast-hfb-below-header-display":"","ast-hfb-mobile-header-display":"","site-post-title":"","ast-breadcrumbs-content":"","ast-featured-img":"","footer-sml-layout":"","theme-transparent-header-meta":"","adv-header-id-meta":"","stick-header-meta":"","header-above-stick-meta":"","header-main-stick-meta":"","header-below-stick-meta":"","footnotes":""},"class_list":["post-21","page","type-page","status-publish","hentry"],"_links":{"self":[{"href":"https:\/\/www.quiropracticaalvarez.es\/index.php\/wp-json\/wp\/v2\/pages\/21","targetHints":{"allow":["GET"]}}],"collection":[{"href":"https:\/\/www.quiropracticaalvarez.es\/index.php\/wp-json\/wp\/v2\/pages"}],"about":[{"href":"https:\/\/www.quiropracticaalvarez.es\/index.php\/wp-json\/wp\/v2\/types\/page"}],"author":[{"embeddable":true,"href":"https:\/\/www.quiropracticaalvarez.es\/index.php\/wp-json\/wp\/v2\/users\/1"}],"replies":[{"embeddable":true,"href":"https:\/\/www.quiropracticaalvarez.es\/index.php\/wp-json\/wp\/v2\/comments?post=21"}],"version-history":[{"count":8,"href":"https:\/\/www.quiropracticaalvarez.es\/index.php\/wp-json\/wp\/v2\/pages\/21\/revisions"}],"predecessor-version":[{"id":125,"href":"https:\/\/www.quiropracticaalvarez.es\/index.php\/wp-json\/wp\/v2\/pages\/21\/revisions\/125"}],"wp:attachment":[{"href":"https:\/\/www.quiropracticaalvarez.es\/index.php\/wp-json\/wp\/v2\/media?parent=21"}],"curies":[{"name":"wp","href":"https:\/\/api.w.org\/{rel}","templated":true}]}}